{"id":88,"date":"2026-01-12T12:10:35","date_gmt":"2026-01-12T11:10:35","guid":{"rendered":"https:\/\/amvabogado.com\/?page_id=88"},"modified":"2026-01-12T16:30:34","modified_gmt":"2026-01-12T15:30:34","slug":"quien-soy","status":"publish","type":"page","link":"https:\/\/amvabogado.com\/en\/quien-soy\/","title":{"rendered":"Qui\u00e9n soy"},"content":{"rendered":"<div data-elementor-type=\"wp-page\" data-elementor-id=\"88\" class=\"elementor elementor-88\" data-elementor-post-type=\"page\">\n\t\t\t\t<div class=\"elementor-element elementor-element-7ac2768 e-con-full e-flex e-con e-parent\" data-id=\"7ac2768\" data-element_type=\"container\" data-settings=\"{&quot;background_background&quot;:&quot;classic&quot;}\">\n\t\t<div class=\"elementor-element elementor-element-60090ea e-con-full animated-slow e-flex elementor-invisible e-con e-child\" data-id=\"60090ea\" data-element_type=\"container\" data-settings=\"{&quot;animation&quot;:&quot;fadeIn&quot;}\">\n\t\t\t\t<div class=\"elementor-element elementor-element-667aeaf elementor-widget elementor-widget-heading\" data-id=\"667aeaf\" data-element_type=\"widget\" data-widget_type=\"heading.default\">\n\t\t\t\t\t<h1 class=\"elementor-heading-title elementor-size-default\">Asesoramiento jur\u00eddico en compra-venta inmobiliaria, con claridad y seguridad<\/h1>\t\t\t\t<\/div>\n\t\t\t\t<div class=\"elementor-element elementor-element-5c98cab elementor-widget elementor-widget-text-editor\" data-id=\"5c98cab\" data-element_type=\"widget\" data-widget_type=\"text-editor.default\">\n\t\t\t\t\t\t\t\t\t<p>Soy Andreu Mir Vives, abogado especializado en acompa\u00f1ar a particulares y empresas en cada paso del proceso de compra y venta de inmuebles. Mi objetivo es que cada operaci\u00f3n se realice con total seguridad jur\u00eddica y sin sorpresas.<\/p>\t\t\t\t\t\t\t\t<\/div>\n\t\t\t\t<div class=\"elementor-element elementor-element-606cdcb elementor-widget elementor-widget-button\" data-id=\"606cdcb\" data-element_type=\"widget\" data-widget_type=\"button.default\">\n\t\t\t\t\t\t\t\t\t\t<a class=\"elementor-button elementor-button-link elementor-size-sm\" href=\"\/en\/contacto\/\">\n\t\t\t\t\t\t<span class=\"elementor-button-content-wrapper\">\n\t\t\t\t\t\t\t\t\t<span class=\"elementor-button-text\">Contacta conmigo dando click aqu\u00ed<\/span>\n\t\t\t\t\t<\/span>\n\t\t\t\t\t<\/a>\n\t\t\t\t\t\t\t\t<\/div>\n\t\t\t\t<\/div>\n\t\t\t\t<\/div>\n\t\t<div class=\"elementor-element elementor-element-9948c64 e-con-full e-flex e-con e-parent\" data-id=\"9948c64\" data-element_type=\"container\" data-settings=\"{&quot;background_background&quot;:&quot;classic&quot;}\">\n\t\t\t\t<div class=\"elementor-element elementor-element-aab9280 elementor-invisible elementor-widget elementor-widget-heading\" data-id=\"aab9280\" data-element_type=\"widget\" data-settings=\"{&quot;_animation&quot;:&quot;fadeIn&quot;}\" data-widget_type=\"heading.default\">\n\t\t\t\t\t<h2 class=\"elementor-heading-title elementor-size-default\">Sobre mi<\/h2>\t\t\t\t<\/div>\n\t\t\t\t<\/div>\n\t\t<div class=\"elementor-element elementor-element-af8d720 e-con-full e-flex e-con e-parent\" data-id=\"af8d720\" data-element_type=\"container\" data-settings=\"{&quot;background_background&quot;:&quot;classic&quot;}\">\n\t\t<div class=\"elementor-element elementor-element-a2cd341 e-con-full e-flex e-con e-child\" data-id=\"a2cd341\" data-element_type=\"container\">\n\t\t<div class=\"elementor-element elementor-element-5f5f5ea e-con-full animated-slow e-flex elementor-invisible e-con e-child\" data-id=\"5f5f5ea\" data-element_type=\"container\" data-settings=\"{&quot;animation&quot;:&quot;fadeIn&quot;}\">\n\t\t<div class=\"elementor-element elementor-element-f880b40 e-con-full e-flex e-con e-child\" data-id=\"f880b40\" data-element_type=\"container\">\n\t\t\t\t<div class=\"elementor-element elementor-element-8eab4e5 elementor-widget elementor-widget-heading\" data-id=\"8eab4e5\" data-element_type=\"widget\" data-widget_type=\"heading.default\">\n\t\t\t\t\t<h2 class=\"elementor-heading-title elementor-size-default\">Seguimiento cercano y personalizado<\/h2>\t\t\t\t<\/div>\n\t\t\t\t<div class=\"elementor-element elementor-element-56e2644 elementor-widget elementor-widget-text-editor\" data-id=\"56e2644\" data-element_type=\"widget\" data-widget_type=\"text-editor.default\">\n\t\t\t\t\t\t\t\t\t<p data-start=\"281\" data-end=\"801\">Entiendo que tanto los procesos de compra y venta como los asuntos legales en materia penal pueden resultar complejos y, a veces, estresantes. Por eso, mi labor es simplificar cada paso y brindarte un apoyo constante, para que nunca te sientas solo frente a tr\u00e1mites, contratos o procedimientos judiciales. En el \u00e1rea penal, trabajo en estrecha colaboraci\u00f3n con el <strong data-start=\"646\" data-end=\"665\">Bufete Valdivia<\/strong> de Palma de Mallorca, combinando mi experiencia como abogado aut\u00f3nomo con la supervisi\u00f3n y conocimiento de un despacho especializado.<\/p><p data-start=\"803\" data-end=\"1091\">Adem\u00e1s, me esfuerzo por anticipar posibles complicaciones antes de que surjan, ofreci\u00e9ndote soluciones claras y pr\u00e1cticas. Cada recomendaci\u00f3n y cada revisi\u00f3n se realiza pensando en proteger tus intereses, garantizando que cada decisi\u00f3n est\u00e9 respaldada por un an\u00e1lisis jur\u00eddico riguroso.<\/p><p data-start=\"1093\" data-end=\"1349\">Mi objetivo final es que cada operaci\u00f3n inmobiliaria o cada gesti\u00f3n penal no solo sea legalmente segura, sino tambi\u00e9n una experiencia tranquila y sin sobresaltos, donde puedas centrarte en lo importante: tu inversi\u00f3n, tu vivienda, tu defensa y tu futuro.<\/p>\t\t\t\t\t\t\t\t<\/div>\n\t\t\t\t<\/div>\n\t\t<div class=\"elementor-element elementor-element-c048903 e-con-full e-flex e-con e-child\" data-id=\"c048903\" data-element_type=\"container\">\n\t\t\t\t<div class=\"elementor-element elementor-element-1ad69b1 elementor-widget elementor-widget-image\" data-id=\"1ad69b1\" data-element_type=\"widget\" data-widget_type=\"image.default\">\n\t\t\t\t\t\t\t\t\t\t\t\t\t\t\t<img fetchpriority=\"high\" decoding=\"async\" width=\"800\" height=\"535\" src=\"http:\/\/amvabogado.com\/wp-content\/uploads\/2026\/01\/Captura-de-Pantalla-2026-01-09-a-las-12.29.22-1024x685.png\" class=\"attachment-large size-large wp-image-36\" alt=\"\" srcset=\"http:\/\/amvabogado.com\/wp-content\/uploads\/2026\/01\/Captura-de-Pantalla-2026-01-09-a-las-12.29.22-1024x685.png 1024w, http:\/\/amvabogado.com\/wp-content\/uploads\/2026\/01\/Captura-de-Pantalla-2026-01-09-a-las-12.29.22-300x201.png 300w, http:\/\/amvabogado.com\/wp-content\/uploads\/2026\/01\/Captura-de-Pantalla-2026-01-09-a-las-12.29.22-768x513.png 768w, http:\/\/amvabogado.com\/wp-content\/uploads\/2026\/01\/Captura-de-Pantalla-2026-01-09-a-las-12.29.22-1536x1027.png 1536w, http:\/\/amvabogado.com\/wp-content\/uploads\/2026\/01\/Captura-de-Pantalla-2026-01-09-a-las-12.29.22.png 1846w\" sizes=\"(max-width: 800px) 100vw, 800px\" \/>\t\t\t\t\t\t\t\t\t\t\t\t\t\t\t<\/div>\n\t\t\t\t<\/div>\n\t\t\t\t<\/div>\n\t\t\t\t<\/div>\n\t\t<div class=\"elementor-element elementor-element-7b22df4 e-con-full e-flex e-con e-child\" data-id=\"7b22df4\" data-element_type=\"container\">\n\t\t<div class=\"elementor-element elementor-element-b310dda e-con-full animated-slow e-flex elementor-invisible e-con e-child\" data-id=\"b310dda\" data-element_type=\"container\" data-settings=\"{&quot;animation&quot;:&quot;fadeIn&quot;}\">\n\t\t<div class=\"elementor-element elementor-element-0f7dd98 e-con-full e-flex e-con e-child\" data-id=\"0f7dd98\" data-element_type=\"container\">\n\t\t\t\t<div class=\"elementor-element elementor-element-ccad70e elementor-widget elementor-widget-heading\" data-id=\"ccad70e\" data-element_type=\"widget\" data-widget_type=\"heading.default\">\n\t\t\t\t\t<h2 class=\"elementor-heading-title elementor-size-default\">Tranquilidad y claridad en cada paso<\/h2>\t\t\t\t<\/div>\n\t\t\t\t<div class=\"elementor-element elementor-element-ccdb5e1 elementor-widget elementor-widget-text-editor\" data-id=\"ccdb5e1\" data-element_type=\"widget\" data-widget_type=\"text-editor.default\">\n\t\t\t\t\t\t\t\t\t<p>Entiendo que los procesos de compra y venta pueden resultar complejos y, a veces, estresantes. Por eso, mi labor es simplificar cada paso y brindarte un apoyo constante, para que nunca te sientas solo frente a tr\u00e1mites o contratos. Con mi acompa\u00f1amiento, podr\u00e1s avanzar con confianza y la certeza de que todo se realiza de manera correcta y transparente.<\/p><p data-start=\"115\" data-end=\"403\">Adem\u00e1s, me esfuerzo por anticipar posibles complicaciones antes de que surjan, ofreci\u00e9ndote soluciones claras y pr\u00e1cticas. Cada recomendaci\u00f3n y cada revisi\u00f3n se realiza pensando en proteger tus intereses, garantizando que cada decisi\u00f3n est\u00e9 respaldada por un an\u00e1lisis jur\u00eddico riguroso.<\/p><p data-start=\"410\" data-end=\"637\">Mi objetivo final es que cada operaci\u00f3n inmobiliaria no solo sea legalmente segura, sino tambi\u00e9n <strong data-start=\"507\" data-end=\"554\">una experiencia tranquila y sin sobresaltos<\/strong>, donde puedas centrarte en lo importante: tu inversi\u00f3n, tu vivienda y tu futuro.<\/p>\t\t\t\t\t\t\t\t<\/div>\n\t\t\t\t<\/div>\n\t\t<div class=\"elementor-element elementor-element-4667048 e-con-full e-flex e-con e-child\" data-id=\"4667048\" data-element_type=\"container\">\n\t\t\t\t<div class=\"elementor-element elementor-element-f02cb4f elementor-widget elementor-widget-image\" data-id=\"f02cb4f\" data-element_type=\"widget\" data-widget_type=\"image.default\">\n\t\t\t\t\t\t\t\t\t\t\t\t\t\t\t<img decoding=\"async\" width=\"800\" height=\"534\" src=\"http:\/\/amvabogado.com\/wp-content\/uploads\/2026\/01\/primer-plano-de-trabajadores-con-maletines-1024x683.jpg\" class=\"attachment-large size-large wp-image-33\" alt=\"\" srcset=\"http:\/\/amvabogado.com\/wp-content\/uploads\/2026\/01\/primer-plano-de-trabajadores-con-maletines-1024x683.jpg 1024w, http:\/\/amvabogado.com\/wp-content\/uploads\/2026\/01\/primer-plano-de-trabajadores-con-maletines-300x200.jpg 300w, http:\/\/amvabogado.com\/wp-content\/uploads\/2026\/01\/primer-plano-de-trabajadores-con-maletines-768x512.jpg 768w, http:\/\/amvabogado.com\/wp-content\/uploads\/2026\/01\/primer-plano-de-trabajadores-con-maletines-1536x1024.jpg 1536w, http:\/\/amvabogado.com\/wp-content\/uploads\/2026\/01\/primer-plano-de-trabajadores-con-maletines-2048x1365.jpg 2048w\" sizes=\"(max-width: 800px) 100vw, 800px\" \/>\t\t\t\t\t\t\t\t\t\t\t\t\t\t\t<\/div>\n\t\t\t\t<\/div>\n\t\t\t\t<\/div>\n\t\t\t\t<\/div>\n\t\t\t\t<\/div>\n\t\t\t\t<\/div>","protected":false},"excerpt":{"rendered":"<p>Asesoramiento jur\u00eddico en compra-venta inmobiliaria, con claridad y seguridad Soy Andreu Mir Vives, abogado especializado en acompa\u00f1ar a particulares y empresas en cada paso del proceso de compra y venta de inmuebles. Mi objetivo es que cada operaci\u00f3n se realice con total seguridad jur\u00eddica y sin sorpresas. Contacta conmigo dando click aqu\u00ed Sobre mi Seguimiento [&hellip;]<\/p>","protected":false},"author":1,"featured_media":0,"parent":0,"menu_order":0,"comment_status":"closed","ping_status":"closed","template":"elementor_header_footer","meta":{"_acf_changed":false,"footnotes":""},"class_list":["post-88","page","type-page","status-publish","hentry"],"acf":[],"yoast_head":"<!-- This site is optimized with the Yoast SEO plugin v26.7 - https:\/\/yoast.com\/wordpress\/plugins\/seo\/ -->\n<title>Qui\u00e9n soy - AMV Abogado<\/title>\n<meta name=\"robots\" content=\"noindex, follow, max-snippet:-1, max-image-preview:large, max-video-preview:-1\" \/>\n<meta property=\"og:locale\" content=\"en_US\" \/>\n<meta property=\"og:type\" content=\"article\" \/>\n<meta property=\"og:title\" content=\"Qui\u00e9n soy - AMV Abogado\" \/>\n<meta property=\"og:description\" content=\"Asesoramiento jur\u00eddico en compra-venta inmobiliaria, con claridad y seguridad Soy Andreu Mir Vives, abogado especializado en acompa\u00f1ar a particulares y empresas en cada paso del proceso de compra y venta de inmuebles. Mi objetivo es que cada operaci\u00f3n se realice con total seguridad jur\u00eddica y sin sorpresas. Contacta conmigo dando click aqu\u00ed Sobre mi Seguimiento [&hellip;]\" \/>\n<meta property=\"og:url\" content=\"http:\/\/amvabogado.com\/en\/quien-soy\/\" \/>\n<meta property=\"og:site_name\" content=\"AMV Abogado\" \/>\n<meta property=\"article:modified_time\" content=\"2026-01-12T15:30:34+00:00\" \/>\n<meta property=\"og:image\" content=\"http:\/\/amvabogado.com\/wp-content\/uploads\/2026\/01\/Captura-de-Pantalla-2026-01-09-a-las-12.29.22-1024x685.png\" \/>\n<meta name=\"twitter:card\" content=\"summary_large_image\" \/>\n<meta name=\"twitter:label1\" content=\"Est. reading time\" \/>\n\t<meta name=\"twitter:data1\" content=\"2 minutes\" \/>\n<script type=\"application\/ld+json\" class=\"yoast-schema-graph\">{\"@context\":\"https:\/\/schema.org\",\"@graph\":[{\"@type\":\"WebPage\",\"@id\":\"http:\/\/amvabogado.com\/en\/quien-soy\/\",\"url\":\"http:\/\/amvabogado.com\/en\/quien-soy\/\",\"name\":\"Qui\u00e9n soy - AMV Abogado\",\"isPartOf\":{\"@id\":\"http:\/\/amvabogado.com\/#website\"},\"primaryImageOfPage\":{\"@id\":\"http:\/\/amvabogado.com\/en\/quien-soy\/#primaryimage\"},\"image\":{\"@id\":\"http:\/\/amvabogado.com\/en\/quien-soy\/#primaryimage\"},\"thumbnailUrl\":\"http:\/\/amvabogado.com\/wp-content\/uploads\/2026\/01\/Captura-de-Pantalla-2026-01-09-a-las-12.29.22-1024x685.png\",\"datePublished\":\"2026-01-12T11:10:35+00:00\",\"dateModified\":\"2026-01-12T15:30:34+00:00\",\"breadcrumb\":{\"@id\":\"http:\/\/amvabogado.com\/en\/quien-soy\/#breadcrumb\"},\"inLanguage\":\"en-US\",\"potentialAction\":[{\"@type\":\"ReadAction\",\"target\":[\"http:\/\/amvabogado.com\/en\/quien-soy\/\"]}]},{\"@type\":\"ImageObject\",\"inLanguage\":\"en-US\",\"@id\":\"http:\/\/amvabogado.com\/en\/quien-soy\/#primaryimage\",\"url\":\"http:\/\/amvabogado.com\/wp-content\/uploads\/2026\/01\/Captura-de-Pantalla-2026-01-09-a-las-12.29.22-1024x685.png\",\"contentUrl\":\"http:\/\/amvabogado.com\/wp-content\/uploads\/2026\/01\/Captura-de-Pantalla-2026-01-09-a-las-12.29.22-1024x685.png\"},{\"@type\":\"BreadcrumbList\",\"@id\":\"http:\/\/amvabogado.com\/en\/quien-soy\/#breadcrumb\",\"itemListElement\":[{\"@type\":\"ListItem\",\"position\":1,\"name\":\"Portada\",\"item\":\"http:\/\/amvabogado.com\/\"},{\"@type\":\"ListItem\",\"position\":2,\"name\":\"Qui\u00e9n soy\"}]},{\"@type\":\"WebSite\",\"@id\":\"http:\/\/amvabogado.com\/#website\",\"url\":\"http:\/\/amvabogado.com\/\",\"name\":\"AMV Abogado\",\"description\":\"\u00a1Bienvenidos a mi web!\",\"potentialAction\":[{\"@type\":\"SearchAction\",\"target\":{\"@type\":\"EntryPoint\",\"urlTemplate\":\"http:\/\/amvabogado.com\/?s={search_term_string}\"},\"query-input\":{\"@type\":\"PropertyValueSpecification\",\"valueRequired\":true,\"valueName\":\"search_term_string\"}}],\"inLanguage\":\"en-US\"}]}<\/script>\n<!-- \/ Yoast SEO plugin. -->","yoast_head_json":{"title":"Qui\u00e9n soy - AMV Abogado","robots":{"index":"noindex","follow":"follow","max-snippet":"max-snippet:-1","max-image-preview":"max-image-preview:large","max-video-preview":"max-video-preview:-1"},"og_locale":"en_US","og_type":"article","og_title":"Qui\u00e9n soy - AMV Abogado","og_description":"Asesoramiento jur\u00eddico en compra-venta inmobiliaria, con claridad y seguridad Soy Andreu Mir Vives, abogado especializado en acompa\u00f1ar a particulares y empresas en cada paso del proceso de compra y venta de inmuebles. Mi objetivo es que cada operaci\u00f3n se realice con total seguridad jur\u00eddica y sin sorpresas. Contacta conmigo dando click aqu\u00ed Sobre mi Seguimiento [&hellip;]","og_url":"http:\/\/amvabogado.com\/en\/quien-soy\/","og_site_name":"AMV Abogado","article_modified_time":"2026-01-12T15:30:34+00:00","og_image":[{"url":"http:\/\/amvabogado.com\/wp-content\/uploads\/2026\/01\/Captura-de-Pantalla-2026-01-09-a-las-12.29.22-1024x685.png","type":"","width":"","height":""}],"twitter_card":"summary_large_image","twitter_misc":{"Est. reading time":"2 minutes"},"schema":{"@context":"https:\/\/schema.org","@graph":[{"@type":"WebPage","@id":"http:\/\/amvabogado.com\/en\/quien-soy\/","url":"http:\/\/amvabogado.com\/en\/quien-soy\/","name":"Qui\u00e9n soy - AMV Abogado","isPartOf":{"@id":"http:\/\/amvabogado.com\/#website"},"primaryImageOfPage":{"@id":"http:\/\/amvabogado.com\/en\/quien-soy\/#primaryimage"},"image":{"@id":"http:\/\/amvabogado.com\/en\/quien-soy\/#primaryimage"},"thumbnailUrl":"http:\/\/amvabogado.com\/wp-content\/uploads\/2026\/01\/Captura-de-Pantalla-2026-01-09-a-las-12.29.22-1024x685.png","datePublished":"2026-01-12T11:10:35+00:00","dateModified":"2026-01-12T15:30:34+00:00","breadcrumb":{"@id":"http:\/\/amvabogado.com\/en\/quien-soy\/#breadcrumb"},"inLanguage":"en-US","potentialAction":[{"@type":"ReadAction","target":["http:\/\/amvabogado.com\/en\/quien-soy\/"]}]},{"@type":"ImageObject","inLanguage":"en-US","@id":"http:\/\/amvabogado.com\/en\/quien-soy\/#primaryimage","url":"http:\/\/amvabogado.com\/wp-content\/uploads\/2026\/01\/Captura-de-Pantalla-2026-01-09-a-las-12.29.22-1024x685.png","contentUrl":"http:\/\/amvabogado.com\/wp-content\/uploads\/2026\/01\/Captura-de-Pantalla-2026-01-09-a-las-12.29.22-1024x685.png"},{"@type":"BreadcrumbList","@id":"http:\/\/amvabogado.com\/en\/quien-soy\/#breadcrumb","itemListElement":[{"@type":"ListItem","position":1,"name":"Portada","item":"http:\/\/amvabogado.com\/"},{"@type":"ListItem","position":2,"name":"Qui\u00e9n soy"}]},{"@type":"WebSite","@id":"http:\/\/amvabogado.com\/#website","url":"http:\/\/amvabogado.com\/","name":"AMV Abogado","description":"\u00a1Bienvenidos a mi web!","potentialAction":[{"@type":"SearchAction","target":{"@type":"EntryPoint","urlTemplate":"http:\/\/amvabogado.com\/?s={search_term_string}"},"query-input":{"@type":"PropertyValueSpecification","valueRequired":true,"valueName":"search_term_string"}}],"inLanguage":"en-US"}]}},"_links":{"self":[{"href":"https:\/\/amvabogado.com\/en\/wp-json\/wp\/v2\/pages\/88","targetHints":{"allow":["GET"]}}],"collection":[{"href":"https:\/\/amvabogado.com\/en\/wp-json\/wp\/v2\/pages"}],"about":[{"href":"https:\/\/amvabogado.com\/en\/wp-json\/wp\/v2\/types\/page"}],"author":[{"embeddable":true,"href":"https:\/\/amvabogado.com\/en\/wp-json\/wp\/v2\/users\/1"}],"replies":[{"embeddable":true,"href":"https:\/\/amvabogado.com\/en\/wp-json\/wp\/v2\/comments?post=88"}],"version-history":[{"count":7,"href":"https:\/\/amvabogado.com\/en\/wp-json\/wp\/v2\/pages\/88\/revisions"}],"predecessor-version":[{"id":122,"href":"https:\/\/amvabogado.com\/en\/wp-json\/wp\/v2\/pages\/88\/revisions\/122"}],"wp:attachment":[{"href":"https:\/\/amvabogado.com\/en\/wp-json\/wp\/v2\/media?parent=88"}],"curies":[{"name":"wp","href":"https:\/\/api.w.org\/{rel}","templated":true}]}}